{"id":15180,"date":"2025-05-21T16:21:07","date_gmt":"2025-05-21T14:21:07","guid":{"rendered":"https:\/\/cizetamedicali.i-esse.com\/?page_id=15180"},"modified":"2025-08-26T14:54:13","modified_gmt":"2025-08-26T12:54:13","slug":"lipedema","status":"publish","type":"page","link":"https:\/\/www.cizetamedicali.com\/en\/consigli\/lipedema\/","title":{"rendered":"Lipedema: cos&#8217;\u00e8 e cosa fare"},"content":{"rendered":"<div data-elementor-type=\"wp-page\" data-elementor-id=\"15180\" class=\"elementor elementor-15180\" data-elementor-post-type=\"page\">\n\t\t\t\t<div class=\"elementor-element elementor-element-0f700fb e-flex e-con-boxed e-con e-parent\" data-id=\"0f700fb\" data-element_type=\"container\">\n\t\t\t\t\t<div class=\"e-con-inner\">\n\t\t<div class=\"elementor-element elementor-element-940426c e-con-full e-flex e-con e-child\" data-id=\"940426c\" data-element_type=\"container\" data-settings=\"{&quot;background_background&quot;:&quot;classic&quot;}\">\n\t\t\t\t<div class=\"elementor-element elementor-element-0466a9f elementor-widget elementor-widget-text-editor\" data-id=\"0466a9f\" data-element_type=\"widget\" data-widget_type=\"text-editor.default\">\n\t\t\t\t<div class=\"elementor-widget-container\">\n\t\t\t\t\t\t\t\t\t<p>LIPOEDEMA:<br \/>what it is and what to do.<\/p>\t\t\t\t\t\t\t\t<\/div>\n\t\t\t\t<\/div>\n\t\t\t\t<\/div>\n\t\t\t\t\t<\/div>\n\t\t\t\t<\/div>\n\t\t<div class=\"elementor-element elementor-element-7426f7c e-flex e-con-boxed e-con e-parent\" data-id=\"7426f7c\" data-element_type=\"container\">\n\t\t\t\t\t<div class=\"e-con-inner\">\n\t\t\t\t<div class=\"elementor-element elementor-element-70eb07c elementor-widget elementor-widget-text-editor\" data-id=\"70eb07c\" data-element_type=\"widget\" data-widget_type=\"text-editor.default\">\n\t\t\t\t<div class=\"elementor-widget-container\">\n\t\t\t\t\t\t\t\t\t<p><em><strong>Have you ever heard of lipoedema? This chronic disorder, still poorly known and often underestimated, can have a significant impact on life quality.<\/strong> <\/em><br \/><em>Recognising it in time and treating it appropriately can help improve both physical and emotional well-being of sufferers.<\/em><\/p>\t\t\t\t\t\t\t\t<\/div>\n\t\t\t\t<\/div>\n\t\t\t\t<div class=\"elementor-element elementor-element-c01be49 elementor-widget elementor-widget-heading\" data-id=\"c01be49\" data-element_type=\"widget\" data-widget_type=\"heading.default\">\n\t\t\t\t<div class=\"elementor-widget-container\">\n\t\t\t\t\t<h2 class=\"elementor-heading-title elementor-size-default\">What is lipoedema?<\/h2>\t\t\t\t<\/div>\n\t\t\t\t<\/div>\n\t\t\t\t<div class=\"elementor-element elementor-element-46b8034 elementor-widget elementor-widget-text-editor\" data-id=\"46b8034\" data-element_type=\"widget\" data-widget_type=\"text-editor.default\">\n\t\t\t\t<div class=\"elementor-widget-container translation-block\">Lipoedema is a <strong>chronic inflammatory disorder of the subcutaneous adipose tissue<\/strong>, localised in specific body areas and perceivable to touch because of the presence of fat nodules varying in size.<br> Often associated with <strong>swelling and pain<\/strong>, if neglected, lipoedema can lead to a <strong>progressive reduction in mobility <\/strong>and significant physical changes with a consequent strong impact on the quality of life and self-esteem of the person. <br>The exact causes of lipoedema are still a matter of study. It is a condition that <strong>mainly afflicts women and is often associated with hormonal changes<\/strong>, such as those occurring during puberty, pregnancy, or menopause. <br>Furthermore, genetic predisposition is hypothesised, as family cases are common.<\/div>\n\t\t\t\t<\/div>\n\t\t\t\t<div class=\"elementor-element elementor-element-b76a2e1 elementor-widget elementor-widget-heading\" data-id=\"b76a2e1\" data-element_type=\"widget\" data-widget_type=\"heading.default\">\n\t\t\t\t<div class=\"elementor-widget-container\">\n\t\t\t\t\t<h2 class=\"elementor-heading-title elementor-size-default\">Classification, stages, and types<\/h2>\t\t\t\t<\/div>\n\t\t\t\t<\/div>\n\t\t\t\t<div class=\"elementor-element elementor-element-28cddb4 elementor-widget elementor-widget-text-editor\" data-id=\"28cddb4\" data-element_type=\"widget\" data-widget_type=\"text-editor.default\">\n\t\t\t\t<div class=\"elementor-widget-container\">\n\t\t\t\t\t\t\t\t\t<p class=\"translation-block\">Lipoedema develops progressively and is <strong>classified into three stages <\/strong>according to the bulkiness of fat deposits and the appearance of the skin, which changes from a smooth surface to a more irregular and nodular one.<\/p><p class=\"translation-block\">We then classify <strong>five types of lipoedema<\/strong>, which identify the body areas affected by the disorder:<\/p><p class=\"translation-block\">There is also a pathological form known as <strong>lipo-lymphoedema<\/strong>, which, however, should not be mistakenly considered as a more severe form of lipoedema, but rather a form of secondary lymphoedema that should be addressed by professionals and lymphoedema experts.<\/p><p>Classifying lipoedema is essential to identify an appropriate treatment. Without a timely intervention, this disorder tends to worsen, to the point of compromising mobility and quality of life in more advanced stages.<\/p>\t\t\t\t\t\t\t\t<\/div>\n\t\t\t\t<\/div>\n\t\t<div class=\"elementor-element elementor-element-9f4c3f0 e-con-full e-flex e-con e-child\" data-id=\"9f4c3f0\" data-element_type=\"container\">\n\t\t<div class=\"elementor-element elementor-element-bf690ab e-con-full e-flex e-con e-child\" data-id=\"bf690ab\" data-element_type=\"container\">\n\t\t\t\t<div class=\"elementor-element elementor-element-d7af67b elementor-widget elementor-widget-image\" data-id=\"d7af67b\" data-element_type=\"widget\" data-widget_type=\"image.default\">\n\t\t\t\t<div class=\"elementor-widget-container\">\n\t\t\t\t\t\t\t\t\t\t\t\t\t\t\t<img loading=\"lazy\" decoding=\"async\" width=\"800\" height=\"418\" src=\"\/wp-content\/uploads\/2025\/08\/lipedema-01-ENG.jpg\" class=\"attachment-large size-large wp-image-15198\" alt=\"\" srcset=\"\" sizes=\"auto, (max-width: 800px) 100vw, 800px\" data-srcset=\"\" \/>\t\t\t\t\t\t\t\t\t\t\t\t\t\t\t<\/div>\n\t\t\t\t<\/div>\n\t\t\t\t<\/div>\n\t\t<div class=\"elementor-element elementor-element-988d2a0 e-con-full e-flex e-con e-child\" data-id=\"988d2a0\" data-element_type=\"container\">\n\t\t\t\t<div class=\"elementor-element elementor-element-b21e0b2 elementor-widget elementor-widget-image\" data-id=\"b21e0b2\" data-element_type=\"widget\" data-widget_type=\"image.default\">\n\t\t\t\t<div class=\"elementor-widget-container\">\n\t\t\t\t\t\t\t\t\t\t\t\t\t\t\t<img loading=\"lazy\" decoding=\"async\" width=\"800\" height=\"418\" src=\"\/wp-content\/uploads\/2025\/08\/lipedema-02-ENG.jpg\" class=\"attachment-large size-large wp-image-15199\" alt=\"\" srcset=\"\" sizes=\"auto, (max-width: 800px) 100vw, 800px\" data-srcset=\"\" \/>\t\t\t\t\t\t\t\t\t\t\t\t\t\t\t<\/div>\n\t\t\t\t<\/div>\n\t\t\t\t<\/div>\n\t\t\t\t<\/div>\n\t\t\t\t<div class=\"elementor-element elementor-element-1c3e032 elementor-widget elementor-widget-heading\" data-id=\"1c3e032\" data-element_type=\"widget\" data-widget_type=\"heading.default\">\n\t\t\t\t<div class=\"elementor-widget-container\">\n\t\t\t\t\t<h2 class=\"elementor-heading-title elementor-size-default\">How to recognise lipoedema?<\/h2>\t\t\t\t<\/div>\n\t\t\t\t<\/div>\n\t\t\t\t<div class=\"elementor-element elementor-element-6c6ac5f elementor-widget elementor-widget-text-editor\" data-id=\"6c6ac5f\" data-element_type=\"widget\" data-widget_type=\"text-editor.default\">\n\t\t\t\t<div class=\"elementor-widget-container\">\n\t\t\t\t\t\t\t\t\tMaking a distinction between lipoedema and other conditions, such as obesity or lymphoedema, is important. Lipoedema is not caused by bad eating habits and symptoms cannot be alleviated by weight control alone. Here are the main signs that will help you identify it:\n<br>\n<br>\n<ul>\n \t<strong>Symmetrical adipose accumulation<\/strong><br>\nMainly concentrated on legs and arms.<\/li><br>\n<br>\n<strong>Disproportion between torso and limbs<\/strong><br>\nTorso appears relatively slender, while both limbs appear swollen, without involvement of hands and feet.<br>\n \t<br><strong>Capillary fragility<\/strong><br> Skin is particularly delicate and prone to bruising or haematomas, even after minor traumas.\n<br>\n<br><strong>Pain and sensitivity to touch<\/strong><br>The affected areas are painful even to the lightest touch.<br>\n \t<br><strong>Persistent swelling<\/strong><br> The feeling of heaviness and swelling does not decrease even with rest.<\/br>\n \t<br><strong>Resistant fat<\/strong><br>The adipose tissue is not reduced by diet or physical activity.<\/ul>\n<br><em>Have you noticed one or more of these symptoms? <br>If you suspect that you suffer from lipoedema, see a specialist for a thorough assessment.<\/em>\t\t\t\t\t\t\t\t<\/div>\n\t\t\t\t<\/div>\n\t\t\t\t<div class=\"elementor-element elementor-element-38ec8e0 elementor-widget elementor-widget-heading\" data-id=\"38ec8e0\" data-element_type=\"widget\" data-widget_type=\"heading.default\">\n\t\t\t\t<div class=\"elementor-widget-container\">\n\t\t\t\t\t<h2 class=\"elementor-heading-title elementor-size-default\">Difference between lipoedema and lymphoedema<\/h2>\t\t\t\t<\/div>\n\t\t\t\t<\/div>\n\t\t\t\t<div class=\"elementor-element elementor-element-655bd93 elementor-widget elementor-widget-text-editor\" data-id=\"655bd93\" data-element_type=\"widget\" data-widget_type=\"text-editor.default\">\n\t\t\t\t<div class=\"elementor-widget-container\">\n\t\t\t\t\t\t\t\t\t<p>Although often confused, lipoedema and lymphoedema are two distinct conditions.<\/p><ul><li class=\"translation-block\"><strong>Lipoedema <\/strong>is characterised by a disproportionate accumulation of fat in specific body areas and is often accompanied by pain and sensitivity to touch.<\/li><li class=\"translation-block\"><strong>Lymphoedema<\/strong>, on the other hand, is an accumulation of lymph in the tissues, caused by a malfunction of the lymphatic system.<\/li><\/ul><p class=\"translation-block\">The key difference between the two conditions is the involvement of hands and feet.\n<br>With lipoedema, hands and feet are not affected, whereas with lymphoedema, the swelling may also extend to these extremities.<\/p>\t\t\t\t\t\t\t\t<\/div>\n\t\t\t\t<\/div>\n\t\t\t\t<div class=\"elementor-element elementor-element-736e6dc elementor-widget elementor-widget-heading\" data-id=\"736e6dc\" data-element_type=\"widget\" data-widget_type=\"heading.default\">\n\t\t\t\t<div class=\"elementor-widget-container\">\n\t\t\t\t\t<h2 class=\"elementor-heading-title elementor-size-default\">How to manage lipoedema<\/h2>\t\t\t\t<\/div>\n\t\t\t\t<\/div>\n\t\t\t\t<div class=\"elementor-element elementor-element-f0c415d elementor-widget elementor-widget-text-editor\" data-id=\"f0c415d\" data-element_type=\"widget\" data-widget_type=\"text-editor.default\">\n\t\t\t\t<div class=\"elementor-widget-container\">\n\t\t\t\t\t\t\t\t\tConvivere con il lipedema pu\u00f2 influire significativamente nella vita quotidiana e a lungo termine. <br>Attraverso un approccio integrato \u00e8 per\u00f2 possibile affrontarlo. Ecco alcune strategie utili:\n<br>\n<br>\n<ul>\n \t<li class=\"translation-block\"><strong>Embrace a healthy lifestyle: <\/strong>do not start restrictive or low-calorie diets but rely on an experienced nutritionist to devise a proper diet plan specifically aimed at lipoedema, not only to keep weight under control, but also to limit inflammation.<\/li>\n \t<li class=\"translation-block\"><strong>Engage in physical activity:<\/strong> choose low-impact exercises, such as swimming, aqua aerobics, aqua jogging, or activities that do not cause excessive strain.<\/li>\n \t<li><strong>Wear compression stockings every day:<\/strong>elastic-compression is a valuable resource to relieve swelling and pain. Compression stockings, furthermore, improve daily well-being by acting on inflammation and promoting venous and lymphatic return.<\/li>\n<\/ul>\nConsult medical specialists (angiologists, vascular surgeons, lymphologists) for a correct diagnosis and a customized treatment plan. The assistance of professionals is essential to deal with lipoedema in a targeted and conscious way.\t\t\t\t\t\t\t\t<\/div>\n\t\t\t\t<\/div>\n\t\t\t\t<div class=\"elementor-element elementor-element-c522a5f elementor-widget elementor-widget-heading\" data-id=\"c522a5f\" data-element_type=\"widget\" data-widget_type=\"heading.default\">\n\t\t\t\t<div class=\"elementor-widget-container\">\n\t\t\t\t\t<h2 class=\"elementor-heading-title elementor-size-default\">Emotional and social impact<\/h2>\t\t\t\t<\/div>\n\t\t\t\t<\/div>\n\t\t\t\t<div class=\"elementor-element elementor-element-9fbb47a elementor-widget elementor-widget-text-editor\" data-id=\"9fbb47a\" data-element_type=\"widget\" data-widget_type=\"text-editor.default\">\n\t\t\t\t<div class=\"elementor-widget-container\">\n\t\t\t\t\t\t\t\t\t<p class=\"translation-block\">Finding out that you suffer from lipoedema can have a strong emotional impact, <strong>affecting not only your quality of life but also your social relationships.<\/strong> The diagnosis, often late or incorrect, can generate frustration and a sense of isolation. In addition, the physical appearance related to this disorder can jeopardise your self-esteem, leading to difficulties in self-acceptance and episodes of social stigma. It is important to recognise these emotional aspects and <strong>tackle them with the right support<\/strong>, including psychological support, to face daily challenges with serenity. At the same time, exchanging experiences with other people with lipoedema, maybe through support groups, can be a valuable source of comfort, inspiration, and motivation.<\/p>\t\t\t\t\t\t\t\t<\/div>\n\t\t\t\t<\/div>\n\t\t\t\t<div class=\"elementor-element elementor-element-c50cc30 elementor-widget elementor-widget-heading\" data-id=\"c50cc30\" data-element_type=\"widget\" data-widget_type=\"heading.default\">\n\t\t\t\t<div class=\"elementor-widget-container\">\n\t\t\t\t\t<h2 class=\"elementor-heading-title elementor-size-default\">The importance of awareness raising<\/h2>\t\t\t\t<\/div>\n\t\t\t\t<\/div>\n\t\t\t\t<div class=\"elementor-element elementor-element-c6de0d7 elementor-widget elementor-widget-text-editor\" data-id=\"c6de0d7\" data-element_type=\"widget\" data-widget_type=\"text-editor.default\">\n\t\t\t\t<div class=\"elementor-widget-container\">\n\t\t\t\t\t\t\t\t\t<p class=\"translation-block\">Lipoedema is <strong>still too often underestimated and underdiagnosed.<\/strong> Raising awareness is key to sensitising the public opinion, promoting timely diagnosis and expanding treatment opportunities.<\/p>\t\t\t\t\t\t\t\t<\/div>\n\t\t\t\t<\/div>\n\t\t\t\t<div class=\"elementor-element elementor-element-77af9d2 elementor-widget elementor-widget-heading\" data-id=\"77af9d2\" data-element_type=\"widget\" data-widget_type=\"heading.default\">\n\t\t\t\t<div class=\"elementor-widget-container\">\n\t\t\t\t\t<h2 class=\"elementor-heading-title elementor-size-default\">Conclusion<\/h2>\t\t\t\t<\/div>\n\t\t\t\t<\/div>\n\t\t\t\t<div class=\"elementor-element elementor-element-0086959 elementor-widget elementor-widget-text-editor\" data-id=\"0086959\" data-element_type=\"widget\" data-widget_type=\"text-editor.default\">\n\t\t\t\t<div class=\"elementor-widget-container\">\n\t\t\t\t\t\t\t\t\t<em>Lipoedema is a complex condition, but with the right approach it can be managed effectively. <br>Recognising symptoms, seeking medical advice and adopting an appropriate lifestyle, in combination with specific treatments such as elastic-compression, can make a big difference, and significantly improve the quality of life of sufferers.<\/em>\t\t\t\t\t\t\t\t<\/div>\n\t\t\t\t<\/div>\n\t\t\t\t\t<\/div>\n\t\t\t\t<\/div>\n\t\t<div class=\"elementor-element elementor-element-5b06608 e-flex e-con-boxed e-con e-parent\" data-id=\"5b06608\" data-element_type=\"container\">\n\t\t\t\t\t<div class=\"e-con-inner\">\n\t\t\t\t<div class=\"elementor-element elementor-element-bd5bb93 elementor-view-framed elementor-shape-rounded elementor-position-right elementor-mobile-position-top elementor-widget elementor-widget-icon-box\" data-id=\"bd5bb93\" data-element_type=\"widget\" data-widget_type=\"icon-box.default\">\n\t\t\t\t<div class=\"elementor-widget-container\">\n\t\t\t\t\t\t\t<div class=\"elementor-icon-box-wrapper\">\n\n\t\t\t\t\t\t<div class=\"elementor-icon-box-icon\">\n\t\t\t\t<a href=\"\/en\/consigli\/\" class=\"elementor-icon\" tabindex=\"-1\" aria-label=\"See all tips\">\n\t\t\t\t<svg class=\"ekit-svg-icon icon-chevron-right\" viewbox=\"0 0 32 32\" xmlns=\"http:\/\/www.w3.org\/2000\/svg\"><path d=\"M8 32c-0.205 0-0.409-0.078-0.566-0.234-0.312-0.312-0.312-0.819 0-1.131l13.834-13.834-13.834-13.834c-0.312-0.312-0.312-0.819 0-1.131s0.819-0.312 1.131 0l14.4 14.4c0.312 0.312 0.312 0.819 0 1.131l-14.4 14.4c-0.156 0.156-0.361 0.234-0.566 0.234z\"><\/path><\/svg>\t\t\t\t<\/a>\n\t\t\t<\/div>\n\t\t\t\n\t\t\t\t\t\t<div class=\"elementor-icon-box-content\">\n\n\t\t\t\t\t\t\t\t\t<div class=\"elementor-icon-box-title\">\n\t\t\t\t\t\t<a href=\"\/en\/consigli\/\" >\n\t\t\t\t\t\t\tSee all tips\t\t\t\t\t\t<\/a>\n\t\t\t\t\t<\/div>\n\t\t\t\t\n\t\t\t\t\n\t\t\t<\/div>\n\t\t\t\n\t\t<\/div>\n\t\t\t\t\t\t<\/div>\n\t\t\t\t<\/div>\n\t\t\t\t\t<\/div>\n\t\t\t\t<\/div>\n\t\t\t\t<\/div>","protected":false},"excerpt":{"rendered":"<p>LIPEDEMA:cos&#8217;\u00e8 e cosa fare. Hai mai sentito parlare di lipedema? Questo disturbo cronico, ancora poco conosciuto e spesso sottovalutato, pu\u00f2 avere un impatto significativo sulla qualit\u00e0 della vita. Riconoscerlo per tempo e trattarlo adeguatamente pu\u00f2 aiutare a migliorare sia il benessere fisico che quello emotivo di chi ne soffre. cos&#8217;\u00e8 il lipedema? Il lipedema \u00e8 [&hellip;]<\/p>","protected":false},"author":1,"featured_media":0,"parent":11151,"menu_order":0,"comment_status":"closed","ping_status":"closed","template":"","meta":{"_acf_changed":false,"inline_featured_image":false,"footnotes":""},"class_list":["post-15180","page","type-page","status-publish","hentry"],"acf":[],"_links":{"self":[{"href":"https:\/\/www.cizetamedicali.com\/en\/wp-json\/wp\/v2\/pages\/15180","targetHints":{"allow":["GET"]}}],"collection":[{"href":"https:\/\/www.cizetamedicali.com\/en\/wp-json\/wp\/v2\/pages"}],"about":[{"href":"https:\/\/www.cizetamedicali.com\/en\/wp-json\/wp\/v2\/types\/page"}],"author":[{"embeddable":true,"href":"https:\/\/www.cizetamedicali.com\/en\/wp-json\/wp\/v2\/users\/1"}],"replies":[{"embeddable":true,"href":"https:\/\/www.cizetamedicali.com\/en\/wp-json\/wp\/v2\/comments?post=15180"}],"version-history":[{"count":39,"href":"https:\/\/www.cizetamedicali.com\/en\/wp-json\/wp\/v2\/pages\/15180\/revisions"}],"predecessor-version":[{"id":20786,"href":"https:\/\/www.cizetamedicali.com\/en\/wp-json\/wp\/v2\/pages\/15180\/revisions\/20786"}],"up":[{"embeddable":true,"href":"https:\/\/www.cizetamedicali.com\/en\/wp-json\/wp\/v2\/pages\/11151"}],"wp:attachment":[{"href":"https:\/\/www.cizetamedicali.com\/en\/wp-json\/wp\/v2\/media?parent=15180"}],"curies":[{"name":"wp","href":"https:\/\/api.w.org\/{rel}","templated":true}]}}