{"id":15915,"date":"2025-06-06T16:12:17","date_gmt":"2025-06-06T14:12:17","guid":{"rendered":"https:\/\/cizetamedicali.i-esse.com\/?post_type=product&#038;p=15915"},"modified":"2025-06-27T11:25:07","modified_gmt":"2025-06-27T09:25:07","slug":"diosmir-500","status":"publish","type":"product","link":"https:\/\/www.cizetamedicali.com\/en\/product\/diosmir-500\/","title":{"rendered":"Diosmir 500"},"content":{"rendered":"<p>DIOSMIR\u00ae is a natural supplement based on Diosmin and Bilberry extract. Diosmin has anti-inflammatory properties and is indicated to favour healthy vascular function in case of varicose veins and venous stasis of lower limbs. Bilberry extract helps microcirculation function and provides anthocyanosides, natural compounds with strong antioxidant action.<\/p>\n<p class=\"translation-block\"><ul><b>Benefits of Diosmin<\/b>: it belongs to the bioflavonoid family, a group of natural compounds known for their trophic effects on microcirculation. It contributes to improving venous tone, supports blood vessels elasticity and helps maintain healthy venous return in lower limbs.<\/ul><\/p>\n<p class=\"translation-block\"><ul><b>Benefits of Bilberry Extract<\/b>: it supports microcirculatory function and helps reinforce vein walls. It is rich in anthocyanosides, which act as powerful antioxidants that help strengthen vein walls.<\/ul><\/p>\n<p><strong>GLUTEN FREE<\/strong><\/p>\n<p class=\"translation-block\"><strong>Available package: <\/strong><br>\n30 tablets<br>\n60 tablets<\/p>","protected":false},"excerpt":{"rendered":"<p>DIOSMIR\u00ae \u00e8 un integratore naturale a base di Diosmina e Mirtillo Nero. La Diosmina possiede propriet\u00e0 antinfiammatorie ed \u00e8 consigliata per favorire la corretta funzionalit\u00e0 delle vene, in caso di varici e stasi venosa agli arti inferiori. Il Mirtillo Nero supporta la funzionalit\u00e0 del microcircolo e apporta antocianosidi, sostanze dall\u2019azione antiossidante. Diosmina: appartiene alla famiglia [&hellip;]<\/p>\n","protected":false},"featured_media":16064,"comment_status":"open","ping_status":"closed","template":"","meta":{"_acf_changed":false,"inline_featured_image":false},"product_brand":[],"product_cat":[189,52],"product_tag":[],"class_list":{"0":"post-15915","1":"product","2":"type-product","3":"status-publish","4":"has-post-thumbnail","6":"product_cat-diosmir","7":"product_cat-integratori-e-creme","9":"first","10":"instock","11":"shipping-taxable","12":"product-type-simple"},"acf":[],"_links":{"self":[{"href":"https:\/\/www.cizetamedicali.com\/en\/wp-json\/wp\/v2\/product\/15915","targetHints":{"allow":["GET"]}}],"collection":[{"href":"https:\/\/www.cizetamedicali.com\/en\/wp-json\/wp\/v2\/product"}],"about":[{"href":"https:\/\/www.cizetamedicali.com\/en\/wp-json\/wp\/v2\/types\/product"}],"replies":[{"embeddable":true,"href":"https:\/\/www.cizetamedicali.com\/en\/wp-json\/wp\/v2\/comments?post=15915"}],"wp:featuredmedia":[{"embeddable":true,"href":"https:\/\/www.cizetamedicali.com\/en\/wp-json\/wp\/v2\/media\/16064"}],"wp:attachment":[{"href":"https:\/\/www.cizetamedicali.com\/en\/wp-json\/wp\/v2\/media?parent=15915"}],"wp:term":[{"taxonomy":"product_brand","embeddable":true,"href":"https:\/\/www.cizetamedicali.com\/en\/wp-json\/wp\/v2\/product_brand?post=15915"},{"taxonomy":"product_cat","embeddable":true,"href":"https:\/\/www.cizetamedicali.com\/en\/wp-json\/wp\/v2\/product_cat?post=15915"},{"taxonomy":"product_tag","embeddable":true,"href":"https:\/\/www.cizetamedicali.com\/en\/wp-json\/wp\/v2\/product_tag?post=15915"}],"curies":[{"name":"wp","href":"https:\/\/api.w.org\/{rel}","templated":true}]}}