{"id":17207,"date":"2025-06-13T10:57:30","date_gmt":"2025-06-13T08:57:30","guid":{"rendered":"https:\/\/cizetamedicali.i-esse.com\/?post_type=product&#038;p=17207"},"modified":"2025-06-18T11:49:37","modified_gmt":"2025-06-18T09:49:37","slug":"cizeta-press-benda-coesiva-m60","status":"publish","type":"product","link":"https:\/\/www.cizetamedicali.com\/en\/product\/cizeta-press-benda-coesiva-m60\/","title":{"rendered":"Cizeta Press &#8211; Benda coesiva M60"},"content":{"rendered":"<p class=\"translation-block\">Mono-elastic bandage with cohesive properties, <strong>it adheres only<\/strong> <strong>to itself without sticking to the skin<\/strong>. Its cohesive effect is provided by synthetic rubber micro-droplets, which joint together on contact, thereby eliminating the need for clips or patches.<br>Thanks to its very good breathability, this bandage guarantees optimal comfort and is therefore particularly skin friendly, even in case of prolonged use.<\/p>\n<p>Extensibility: 60%<\/p>\n<p class=\"translation-block\"><b>COMPOSITION<\/b><br>\n61% polyamide, 39% cotton. Latex free.<\/p>\n<p class=\"translation-block\"><b>DIMENSIONS<\/b><br> \n10cm x 20m<\/p>","protected":false},"excerpt":{"rendered":"<p>Benda monoelastica con propriet\u00e0 coesive, aderisce esclusivamente su s\u00e9 stessa senza attaccarsi alla pelle. Il suo effetto coesivo \u00e8 garantito da microgocce di gomma sintetica, che si uniscono tra loro al contatto, eliminando la necessit\u00e0 di fermagli o cerotti. Grazie alla sua elevata traspirabilit\u00e0, questa benda assicura il massimo comfort ed \u00e8 particolarmente rispettosa della [&hellip;]<\/p>\n","protected":false},"featured_media":16168,"comment_status":"open","ping_status":"closed","template":"","meta":{"_acf_changed":false,"inline_featured_image":false},"product_brand":[],"product_cat":[51,232],"product_tag":[],"class_list":{"0":"post-17207","1":"product","2":"type-product","3":"status-publish","4":"has-post-thumbnail","6":"product_cat-bendaggi","7":"product_cat-bende-coesive","9":"first","10":"instock","11":"shipping-taxable","12":"product-type-simple"},"acf":[],"_links":{"self":[{"href":"https:\/\/www.cizetamedicali.com\/en\/wp-json\/wp\/v2\/product\/17207","targetHints":{"allow":["GET"]}}],"collection":[{"href":"https:\/\/www.cizetamedicali.com\/en\/wp-json\/wp\/v2\/product"}],"about":[{"href":"https:\/\/www.cizetamedicali.com\/en\/wp-json\/wp\/v2\/types\/product"}],"replies":[{"embeddable":true,"href":"https:\/\/www.cizetamedicali.com\/en\/wp-json\/wp\/v2\/comments?post=17207"}],"wp:featuredmedia":[{"embeddable":true,"href":"https:\/\/www.cizetamedicali.com\/en\/wp-json\/wp\/v2\/media\/16168"}],"wp:attachment":[{"href":"https:\/\/www.cizetamedicali.com\/en\/wp-json\/wp\/v2\/media?parent=17207"}],"wp:term":[{"taxonomy":"product_brand","embeddable":true,"href":"https:\/\/www.cizetamedicali.com\/en\/wp-json\/wp\/v2\/product_brand?post=17207"},{"taxonomy":"product_cat","embeddable":true,"href":"https:\/\/www.cizetamedicali.com\/en\/wp-json\/wp\/v2\/product_cat?post=17207"},{"taxonomy":"product_tag","embeddable":true,"href":"https:\/\/www.cizetamedicali.com\/en\/wp-json\/wp\/v2\/product_tag?post=17207"}],"curies":[{"name":"wp","href":"https:\/\/api.w.org\/{rel}","templated":true}]}}