{"id":17473,"date":"2025-06-13T16:32:11","date_gmt":"2025-06-13T14:32:11","guid":{"rendered":"https:\/\/cizetamedicali.i-esse.com\/?post_type=product&#038;p=17473"},"modified":"2025-06-18T11:54:53","modified_gmt":"2025-06-18T09:54:53","slug":"cizeta-press-pad-traspirante","status":"publish","type":"product","link":"https:\/\/www.cizetamedicali.com\/en\/product\/cizeta-press-pad-traspirante\/","title":{"rendered":"Cizeta Press &#8211; Pad Traspirante"},"content":{"rendered":"<p>Synthetic latex foam pad designed to offer protection. Its soft and flexible structure allows it to adapt perfectly to the shape of the body. Thanks to the breathability of the material, the pad favours skin ventilation, preventing accumulation of moisture and reducing the risk of irritation. Moreover, the possibility of cutting it out allows for customised application, making it ideal for different needs and uses.<\/p>\n<p class=\"translation-block\"><b>COMPOSITION<\/b><br>\n100% synthetic latex.<\/p>\n<p class=\"translation-block\"><b>DIMENSIONS <\/b><br>\n8cm x 2m<\/p>","protected":false},"excerpt":{"rendered":"<p>Pad in schiuma di lattice sintetico progettato per offrire una protezione. La sua struttura morbida e flessibile permette di adattarsi perfettamente alla forma del corpo. Grazie alla traspirabilit\u00e0 del materiale, il pad favorisce la ventilazione della pelle, prevenendo l&#8217;accumulo di umidit\u00e0 e riducendo il rischio di irritazioni. Inoltre, la possibilit\u00e0 di ritagliarlo consente un&#8217;applicazione personalizzata, [&hellip;]<\/p>\n","protected":false},"featured_media":16203,"comment_status":"open","ping_status":"closed","template":"","meta":{"_acf_changed":false,"inline_featured_image":false},"product_brand":[],"product_cat":[51,236],"product_tag":[],"class_list":{"0":"post-17473","1":"product","2":"type-product","3":"status-publish","4":"has-post-thumbnail","6":"product_cat-bendaggi","7":"product_cat-foam-pad","9":"first","10":"instock","11":"shipping-taxable","12":"product-type-simple"},"acf":[],"_links":{"self":[{"href":"https:\/\/www.cizetamedicali.com\/en\/wp-json\/wp\/v2\/product\/17473","targetHints":{"allow":["GET"]}}],"collection":[{"href":"https:\/\/www.cizetamedicali.com\/en\/wp-json\/wp\/v2\/product"}],"about":[{"href":"https:\/\/www.cizetamedicali.com\/en\/wp-json\/wp\/v2\/types\/product"}],"replies":[{"embeddable":true,"href":"https:\/\/www.cizetamedicali.com\/en\/wp-json\/wp\/v2\/comments?post=17473"}],"wp:featuredmedia":[{"embeddable":true,"href":"https:\/\/www.cizetamedicali.com\/en\/wp-json\/wp\/v2\/media\/16203"}],"wp:attachment":[{"href":"https:\/\/www.cizetamedicali.com\/en\/wp-json\/wp\/v2\/media?parent=17473"}],"wp:term":[{"taxonomy":"product_brand","embeddable":true,"href":"https:\/\/www.cizetamedicali.com\/en\/wp-json\/wp\/v2\/product_brand?post=17473"},{"taxonomy":"product_cat","embeddable":true,"href":"https:\/\/www.cizetamedicali.com\/en\/wp-json\/wp\/v2\/product_cat?post=17473"},{"taxonomy":"product_tag","embeddable":true,"href":"https:\/\/www.cizetamedicali.com\/en\/wp-json\/wp\/v2\/product_tag?post=17473"}],"curies":[{"name":"wp","href":"https:\/\/api.w.org\/{rel}","templated":true}]}}