{"id":17474,"date":"2025-06-13T16:35:49","date_gmt":"2025-06-13T14:35:49","guid":{"rendered":"https:\/\/cizetamedicali.i-esse.com\/?post_type=product&#038;p=17474"},"modified":"2025-07-25T14:29:42","modified_gmt":"2025-07-25T12:29:42","slug":"cizeta-press-maglia-tubolare","status":"publish","type":"product","link":"https:\/\/www.cizetamedicali.com\/en\/product\/cizeta-press-maglia-tubolare\/","title":{"rendered":"CIZETA PRESS Maglia tubolare"},"content":{"rendered":"<p class=\"translation-block\">Tubular, seamless, highly elastic gauze bandage. Thanks to its structure, it is soft and gentle on the skin and ensures excellent breathability of the skin, reducing the risk of irritation. Its high elasticity allows it to easily adapt to different areas of the body, offering effective protection without restricting movements.<\/p>\n<p class=\"translation-block\"><b>COMPOSITION<\/b><br>\n100% cotton.<\/p>\n<p class=\"translation-block\"><b>DIMENSIONS <\/b><br>\n6cm x 20m<br>\n8cm x 20m<br>\n10cm x 20m<br>\n12cm x 20m<\/p>","protected":false},"excerpt":{"rendered":"<p>Benda tubolare in garza, senza cuciture, ad elevata elasticit\u00e0. Grazie alla sua struttura, \u00e8 morbida e delicata sulla pelle e garantisce un&#8217;ottima traspirabilit\u00e0 della pelle, riducendo il rischio di irritazioni. La sua elevata elasticit\u00e0 consente di adattarsi facilmente a diverse aree del corpo, offrendo una protezione efficace senza limitare i movimenti. COMPOSIZIONE 100% cotone. FORMATI [&hellip;]<\/p>\n","protected":false},"featured_media":16183,"comment_status":"open","ping_status":"closed","template":"","meta":{"_acf_changed":false,"inline_featured_image":false},"product_brand":[],"product_cat":[51,237],"product_tag":[],"class_list":{"0":"post-17474","1":"product","2":"type-product","3":"status-publish","4":"has-post-thumbnail","6":"product_cat-bendaggi","7":"product_cat-maglie-tubolari","9":"first","10":"instock","11":"shipping-taxable","12":"product-type-simple"},"acf":[],"_links":{"self":[{"href":"https:\/\/www.cizetamedicali.com\/en\/wp-json\/wp\/v2\/product\/17474","targetHints":{"allow":["GET"]}}],"collection":[{"href":"https:\/\/www.cizetamedicali.com\/en\/wp-json\/wp\/v2\/product"}],"about":[{"href":"https:\/\/www.cizetamedicali.com\/en\/wp-json\/wp\/v2\/types\/product"}],"replies":[{"embeddable":true,"href":"https:\/\/www.cizetamedicali.com\/en\/wp-json\/wp\/v2\/comments?post=17474"}],"wp:featuredmedia":[{"embeddable":true,"href":"https:\/\/www.cizetamedicali.com\/en\/wp-json\/wp\/v2\/media\/16183"}],"wp:attachment":[{"href":"https:\/\/www.cizetamedicali.com\/en\/wp-json\/wp\/v2\/media?parent=17474"}],"wp:term":[{"taxonomy":"product_brand","embeddable":true,"href":"https:\/\/www.cizetamedicali.com\/en\/wp-json\/wp\/v2\/product_brand?post=17474"},{"taxonomy":"product_cat","embeddable":true,"href":"https:\/\/www.cizetamedicali.com\/en\/wp-json\/wp\/v2\/product_cat?post=17474"},{"taxonomy":"product_tag","embeddable":true,"href":"https:\/\/www.cizetamedicali.com\/en\/wp-json\/wp\/v2\/product_tag?post=17474"}],"curies":[{"name":"wp","href":"https:\/\/api.w.org\/{rel}","templated":true}]}}